{"id":1338,"date":"2022-10-11T07:46:54","date_gmt":"2022-10-11T05:46:54","guid":{"rendered":"https:\/\/academie-villefranche.fr\/?page_id=1338"},"modified":"2022-10-11T07:51:44","modified_gmt":"2022-10-11T05:51:44","slug":"elementor-1338","status":"publish","type":"page","link":"https:\/\/academie-villefranche.fr\/?page_id=1338","title":{"rendered":"Mentions l\u00e9gales"},"content":{"rendered":"\t\t<div data-elementor-type=\"wp-page\" data-elementor-id=\"1338\" class=\"elementor elementor-1338\" data-elementor-post-type=\"page\">\n\t\t\t\t\t\t<section class=\"elementor-section elementor-top-section elementor-element elementor-element-3ce5bca elementor-section-boxed elementor-section-height-default elementor-section-height-default\" data-id=\"3ce5bca\" data-element_type=\"section\" data-e-type=\"section\">\n\t\t\t\t\t\t<div class=\"elementor-container elementor-column-gap-default\">\n\t\t\t\t\t<div class=\"elementor-column elementor-col-100 elementor-top-column elementor-element elementor-element-027ce2b\" data-id=\"027ce2b\" data-element_type=\"column\" data-e-type=\"column\">\n\t\t\t<div class=\"elementor-widget-wrap elementor-element-populated\">\n\t\t\t\t\t\t<div class=\"elementor-element elementor-element-126caf1 elementor-widget elementor-widget-text-editor\" data-id=\"126caf1\" data-element_type=\"widget\" data-e-type=\"widget\" data-widget_type=\"text-editor.default\">\n\t\t\t\t<div class=\"elementor-widget-container\">\n\t\t\t\t\t\t\t\t\t<ul><li>Acad\u00e9mie de Villefranche et du Beaujolais 96, rue de la Sous-Pr\u00e9fecture , Villefranche-sur-Sa\u00f4ne, France<\/li><li>academie@orange.fr<\/li><li>Le directeur de la publication est le Pr\u00e9sident de l&rsquo;Association, M. PRUNET Pierre.<\/li><li><span style=\"color: var( --e-global-color-text ); background-color: var( --e-global-color-nvsitebg ); font-family: var(--bodyfontfamily),var(--nv-fallback-ff); font-size: var(--bodyfontsize); font-weight: var(--bodyfontweight); letter-spacing: var(--bodyletterspacing); text-transform: var(--bodytexttransform);\">L&rsquo;h\u00e9bergeur du site est\u00a0 OVH\u00a02 rue Kellermann \u2013 BP 80157 59053 ROUBAIX CEDEX 1<br \/><\/span><\/li><\/ul>\t\t\t\t\t\t\t\t<\/div>\n\t\t\t\t<\/div>\n\t\t\t\t\t<\/div>\n\t\t<\/div>\n\t\t\t\t\t<\/div>\n\t\t<\/section>\n\t\t\t\t<\/div>\n\t\t","protected":false},"excerpt":{"rendered":"<p>Acad\u00e9mie de Villefranche et du Beaujolais 96, rue de la Sous-Pr\u00e9fecture , Villefranche-sur-Sa\u00f4ne, France academie@orange.fr Le directeur de la publication est le Pr\u00e9sident de l&rsquo;Association, M. PRUNET Pierre. L&rsquo;h\u00e9bergeur du site est\u00a0 OVH\u00a02 rue Kellermann \u2013 BP 80157 59053 ROUBAIX CEDEX 1<\/p>\n","protected":false},"author":3,"featured_media":0,"parent":0,"menu_order":0,"comment_status":"closed","ping_status":"closed","template":"page-templates\/template-pagebuilder-full-width.php","meta":{"_monsterinsights_skip_tracking":false,"_monsterinsights_sitenote_active":false,"_monsterinsights_sitenote_note":"","_monsterinsights_sitenote_category":0,"neve_meta_sidebar":"","neve_meta_container":"","neve_meta_enable_content_width":"","neve_meta_content_width":0,"neve_meta_title_alignment":"","neve_meta_author_avatar":"","neve_post_elements_order":"","neve_meta_disable_header":"","neve_meta_disable_footer":"","neve_meta_disable_title":"","footnotes":""},"class_list":["post-1338","page","type-page","status-publish","hentry"],"aioseo_notices":[],"_links":{"self":[{"href":"https:\/\/academie-villefranche.fr\/index.php?rest_route=\/wp\/v2\/pages\/1338","targetHints":{"allow":["GET"]}}],"collection":[{"href":"https:\/\/academie-villefranche.fr\/index.php?rest_route=\/wp\/v2\/pages"}],"about":[{"href":"https:\/\/academie-villefranche.fr\/index.php?rest_route=\/wp\/v2\/types\/page"}],"author":[{"embeddable":true,"href":"https:\/\/academie-villefranche.fr\/index.php?rest_route=\/wp\/v2\/users\/3"}],"replies":[{"embeddable":true,"href":"https:\/\/academie-villefranche.fr\/index.php?rest_route=%2Fwp%2Fv2%2Fcomments&post=1338"}],"version-history":[{"count":4,"href":"https:\/\/academie-villefranche.fr\/index.php?rest_route=\/wp\/v2\/pages\/1338\/revisions"}],"predecessor-version":[{"id":1342,"href":"https:\/\/academie-villefranche.fr\/index.php?rest_route=\/wp\/v2\/pages\/1338\/revisions\/1342"}],"wp:attachment":[{"href":"https:\/\/academie-villefranche.fr\/index.php?rest_route=%2Fwp%2Fv2%2Fmedia&parent=1338"}],"curies":[{"name":"wp","href":"https:\/\/api.w.org\/{rel}","templated":true}]}}