{"id":1815,"date":"2023-01-10T13:43:40","date_gmt":"2023-01-10T12:43:40","guid":{"rendered":"https:\/\/academie-villefranche.fr\/?page_id=1815"},"modified":"2026-01-19T02:37:06","modified_gmt":"2026-01-19T01:37:06","slug":"elementor-1815","status":"publish","type":"page","link":"https:\/\/academie-villefranche.fr\/?page_id=1815","title":{"rendered":"Archives"},"content":{"rendered":"\t\t<div data-elementor-type=\"wp-page\" data-elementor-id=\"1815\" class=\"elementor elementor-1815\" data-elementor-post-type=\"page\">\n\t\t\t\t\t\t<section class=\"elementor-section elementor-top-section elementor-element elementor-element-dc44e02 elementor-section-boxed elementor-section-height-default elementor-section-height-default\" data-id=\"dc44e02\" data-element_type=\"section\" data-e-type=\"section\">\n\t\t\t\t\t\t<div class=\"elementor-container elementor-column-gap-default\">\n\t\t\t\t\t<div class=\"elementor-column elementor-col-100 elementor-top-column elementor-element elementor-element-5ed8d41\" data-id=\"5ed8d41\" data-element_type=\"column\" data-e-type=\"column\">\n\t\t\t<div class=\"elementor-widget-wrap elementor-element-populated\">\n\t\t\t\t\t\t<div class=\"elementor-element elementor-element-cb70531 elementor-widget elementor-widget-spacer\" data-id=\"cb70531\" data-element_type=\"widget\" data-e-type=\"widget\" data-widget_type=\"spacer.default\">\n\t\t\t\t<div class=\"elementor-widget-container\">\n\t\t\t\t\t\t\t<div class=\"elementor-spacer\">\n\t\t\t<div class=\"elementor-spacer-inner\"><\/div>\n\t\t<\/div>\n\t\t\t\t\t\t<\/div>\n\t\t\t\t<\/div>\n\t\t\t\t\t<\/div>\n\t\t<\/div>\n\t\t\t\t\t<\/div>\n\t\t<\/section>\n\t\t\t\t<section class=\"elementor-section elementor-top-section elementor-element elementor-element-2468ef8 elementor-section-boxed elementor-section-height-default elementor-section-height-default\" data-id=\"2468ef8\" data-element_type=\"section\" data-e-type=\"section\">\n\t\t\t\t\t\t<div class=\"elementor-container elementor-column-gap-default\">\n\t\t\t\t\t<div class=\"elementor-column elementor-col-100 elementor-top-column elementor-element elementor-element-6f0b47e\" data-id=\"6f0b47e\" data-element_type=\"column\" data-e-type=\"column\">\n\t\t\t<div class=\"elementor-widget-wrap elementor-element-populated\">\n\t\t\t\t\t\t<div class=\"elementor-element elementor-element-2769fa7 elementor-widget elementor-widget-text-editor\" data-id=\"2769fa7\" data-element_type=\"widget\" data-e-type=\"widget\" data-widget_type=\"text-editor.default\">\n\t\t\t\t<div class=\"elementor-widget-container\">\n\t\t\t\t\t\t\t\t\tL\u2019Acad\u00e9mie poss\u00e8de <strong>deux types d\u2019archives<\/strong>\u00a0dont vous trouverez le contenu ci-dessous : d\u2019une part <strong>des manuscrits<\/strong>, et d\u2019autre part des <strong>dossiers constitu\u00e9s de pi\u00e8ces diverses<\/strong> sur un sujet int\u00e9ressant notre r\u00e9gion ou une personnalit\u00e9 (<strong>articles de presse, lettres, photographies, affiches\u2026<\/strong>)\t\t\t\t\t\t\t\t<\/div>\n\t\t\t\t<\/div>\n\t\t\t\t\t<\/div>\n\t\t<\/div>\n\t\t\t\t\t<\/div>\n\t\t<\/section>\n\t\t\t\t<section class=\"elementor-section elementor-top-section elementor-element elementor-element-6637436 elementor-section-boxed elementor-section-height-default elementor-section-height-default\" data-id=\"6637436\" data-element_type=\"section\" data-e-type=\"section\">\n\t\t\t\t\t\t<div class=\"elementor-container elementor-column-gap-default\">\n\t\t\t\t\t<div class=\"elementor-column elementor-col-100 elementor-top-column elementor-element elementor-element-face61f\" data-id=\"face61f\" data-element_type=\"column\" data-e-type=\"column\">\n\t\t\t<div class=\"elementor-widget-wrap elementor-element-populated\">\n\t\t\t\t\t\t<div class=\"elementor-element elementor-element-1fe4fdc elementor-widget elementor-widget-heading\" data-id=\"1fe4fdc\" data-element_type=\"widget\" data-e-type=\"widget\" data-widget_type=\"heading.default\">\n\t\t\t\t<div class=\"elementor-widget-container\">\n\t\t\t\t\t<h2 class=\"elementor-heading-title elementor-size-default\">Archives historiques et dossiers<\/h2>\t\t\t\t<\/div>\n\t\t\t\t<\/div>\n\t\t\t\t\t<\/div>\n\t\t<\/div>\n\t\t\t\t\t<\/div>\n\t\t<\/section>\n\t\t\t\t<section class=\"elementor-section elementor-top-section elementor-element elementor-element-62dc2e2 elementor-section-boxed elementor-section-height-default elementor-section-height-default\" data-id=\"62dc2e2\" data-element_type=\"section\" data-e-type=\"section\">\n\t\t\t\t\t\t<div class=\"elementor-container elementor-column-gap-default\">\n\t\t\t\t\t<div class=\"elementor-column elementor-col-100 elementor-top-column elementor-element elementor-element-9c28c58\" data-id=\"9c28c58\" data-element_type=\"column\" data-e-type=\"column\">\n\t\t\t<div class=\"elementor-widget-wrap elementor-element-populated\">\n\t\t\t\t\t\t<div class=\"elementor-element elementor-element-9d106d5 elementor-widget elementor-widget-text-editor\" data-id=\"9d106d5\" data-element_type=\"widget\" data-e-type=\"widget\" data-widget_type=\"text-editor.default\">\n\t\t\t\t<div class=\"elementor-widget-container\">\n\t\t\t\t\t\t\t\t\t<p><strong>ARCHIVES HISTORIQUES DE L&rsquo;ACADEMIE DE VILLEFRANCHE ET DU BEAUJOLAIS<\/strong><\/p><p><strong>Histoire g\u00e9n\u00e9rale du Beaujolais<\/strong>, deux pochettes, dactyl.<\/p><p><strong><u>ANCIEN REGIME<\/u><\/strong><\/p><p><strong>Notes historiques de Joseph Balloffet prises dans les archives lyonnaises (16e-18es.)\u00a0: <\/strong>familles, paroisses, notaires, pr\u00eatres, ordres religieux<\/p><p><strong>Fonds Claude Brossette<\/strong>\u00a0: divers documents de 1729 \u00e0 l\u2019an II (lettres de civisme, correspondance avec M. de Saint-Fonds&#8230;)<\/p><p><strong>Notes de Morel de Voleine\u00a0provenant des Archives nationales (R 4, 926-929): <\/strong>fiefs, paroisses<\/p><p><strong><em>Lettre \u00e0 Monsieur de Colbert, \u00e9v\u00eaque de Montpellier<\/em>,<\/strong> 26 mars \u2013 2 avril 1725, du Sr de La Croix Fontaine, 476 fo ms<\/p><p><strong>Reproductions de minutes notariales du Beaujolais, conserv\u00e9es aux Archives d\u00e9partementales, 17-18e s.<\/strong><\/p><p><strong>Copies de minutes de notaires du Beaujolais, XVIIe-XIXe s, <\/strong>ms + <strong>originaux<\/strong> XVIIe-XVIIIe s.<\/p><p><strong>Cinq dossiers \u00ab\u00a0Belleville-sur-Sa\u00f4ne\u00a0: l\u2019abbaye\u00a0\u00bb <\/strong>(photocopies d\u2019actes du XVe au XVIIIe si\u00e8cle, copies d\u2019actes du XIIIe).<\/p><p><strong>Dossiers \u00ab\u00a0Belleville\u00a0\u00bb, les fiefs, la ville.<\/strong><\/p><p><strong>Histoire de l\u2019Acad\u00e9mie de Villefranche<\/strong>, manuscrit et dactyl., R. Pinet<\/p><p><strong><u>REVOLUTION<\/u><\/strong><\/p><p><strong>Dossiers qui reproduisent des documents des archives d\u00e9partementales du Rh\u00f4ne, avec des notes, \u00e0 propos de la R\u00e9volution en Beaujolais (par Robert Pinet, non publi\u00e9s)\u00a0:<\/strong><\/p><p>&#8211; \u00e9meutes \u00e0 Thizy, 1791<\/p><p>&#8211; suspects, pi\u00e8ces d&rsquo;ordre g\u00e9n\u00e9ral et diverses\u00a0: scell\u00e9s, d\u00e9nonciations, arrestations<\/p><p>&#8211; suspects, prison (4L27)<\/p><p>&#8211; Clerg\u00e9 (politique g\u00e9n\u00e9rale, incidents par commune, pr\u00eatres\u00a0: trois dossiers)<\/p><p>&#8211; Le clerg\u00e9, chapitres, ordres monastiques<\/p><p>&#8211; \u00c9tat de la consistance des biens des \u00e9migr\u00e9s<\/p><p>&#8211; affaire Magnin, (1788-1789), affaire Pr\u00e9v\u00e9raud (1791, 1L197)<\/p><p>&#8211; Soci\u00e9t\u00e9s populaires<\/p><p>&#8211; La noblesse<\/p><p>&#8211; R\u00e9action thermidorienne (deux dossiers dont un avec des dossiers sur la Terreur)<\/p><p>&#8211; les municipalit\u00e9s<\/p><p>&#8211; Denic\u00e9 et Arnas, registres de d\u00e9lib\u00e9rations<\/p><p>&#8211; Epreuves du livre de Robert Pinet\u00a0: La R\u00e9volution en Beaujolais<\/p><p>&#8211; Comit\u00e9s de surveillance (deux dossiers)<\/p><p>&#8211; Attaque de la malle-poste de Tarare (an III)<\/p><p>&#8211; prisons, pr\u00eatres d\u00e9port\u00e9s, abdicataires, dossier Pierre Longefay de Poule&#8230;<\/p><p>&#8211; Affaires diverses, \u00e9vasion \u00e0 Tarare, \u00e0 Beaujeu, faux assignats<\/p><p>&#8211; arbres de la libert\u00e9<\/p><p>&#8211; F\u00eates nationales, d\u00e9serteurs, troubles, vols<\/p><p>&#8211; Affaires Final (concussion), Burnichon (suspect)<\/p><p>&#8211; Pers\u00e9cution religieuse apr\u00e8s 1795<\/p><p><strong>Dossier sur la R\u00e9volution en Beaujolais\u00a0et la Restauration: <\/strong>photocopies\u00a0 d\u2019actes, affiche originale du jugement \u00e0 Tr\u00e9voux qui condamne Fran\u00e7ois Greppo pour cris s\u00e9ditieux (\u00ab\u00a0Vive l\u2019empereur\u00a0\u00bb) le 24 juillet 1816, affaire Final-Marduel an II (photocopies), notes personnelles<\/p><p><strong><u>XIXe-XXe SIECLES<\/u><\/strong><\/p><p><strong>Chants patriotiques et guerriers de la R\u00e9publique et de notre temps<\/strong>, ms, 84 fo, 1819 [de l\u2019imprimerie de Clodius Vermorel, \u00e0 Villefranche, 1822]<\/p><p><strong>Documents ayant servi pour le livre\u00a0: <em>150 ans de vie caladoise<\/em>, <\/strong>sur les transports et la sant\u00e9 aux XIXe et XXe si\u00e8cles<\/p><p><strong>Dossier ligne de chemin de fer de Villefranche \u00e0 Tarare\u00a0: <\/strong>convocation du jury, tableau des offres et demandes, enqu\u00eates parcellaires et plans par commune.<\/p><p><strong>Factures commerciales et industrielles<\/strong> de Villefranche (photocopies), fin XIXe-d\u00e9but XXe s.<\/p><p><strong><em>Concours<\/em>, par Jeanne Mahine<\/strong>, 49 fo ms, vers 1894-1904 (don de Janine et Andr\u00e9 DUC, de Villefranche), Contient diff\u00e9rentes \u00e9preuves, ainsi que \u00ab\u00a0Mes correspondances\u00a0\u00bb (de Tunis, Georges Mahine, 1900), \u00ab\u00a0sobriquets donn\u00e9s \u00e0 quelques communes de la r\u00e9gion\u00a0\u00bb, et divers po\u00e8mes et\/ou paroles de chansons.<\/p><p><strong>R\u00e9cits manuscrits de voyage en Europe et Asie<\/strong> (auteur \u00e0 Saint-Laurent d\u2019Arce, Gironde\u00a0?) date\u00a0?<\/p><p><strong>Dossier \u00ab\u00a0Centenaire de Pierre Montet\u00a0\u00bb\u00a0: <\/strong>organisation du colloque, articles, conf\u00e9rences, correspondance.<\/p><p><strong>Dossier \u00ab\u00a0Claude Bernard\u00a0\u00bb<\/strong> par Charles (?) Balloffet en 1947 \u00e0 l\u2019occasion de\u00a0 l\u2019ouverture du mus\u00e9e de Saint-Julien. + <strong>Inauguration du mus\u00e9e Claude-Bernard<\/strong>, 1946-1947<\/p><p><strong>Le br\u00e9viaire de l\u2019amour (po\u00e9sies)<\/strong>, Emile de Villi\u00e9, extraits du recueil de po\u00e9sies <em>Du c\u0153ur aux l\u00e8vres<\/em>, ms, 50 fo<\/p><p><strong>Renduscompte de presse sur le pays et le vin beaujolais, un sauveur de la vigne Benoit Raclet, Ludna<\/strong>, 1929-1934<\/p><p><strong>Victor Orsel, 1795-1850<\/strong>, extraits manuscrits de la <em>Revue du Lyonnais<\/em>, 1870, avec des notes, 31 fo<\/p><p><strong>Livres de comptes de l\u2019entreprise et la famille Sornay<\/strong>, 1806-1923, courriers et notes.<\/p><p><strong>Journal (de comptes) de M. J. Lacroix<\/strong>, juillet 1829<\/p><p><strong>Actes notari\u00e9s originaux<\/strong>, d\u00e9but du XIXe si\u00e8cle<\/p><p><strong><u>HISTOIRE DES PAROISSES ET COMMUNES<\/u><\/strong><\/p><p><strong>Notes manuscrites sur l\u2019histoire des paroisses du Beaujolais <\/strong>(reproduction de sources ou d\u2019extraits de publication), 7 cartons<\/p><p><strong>Dossier Ch\u00e2teau du Loup<\/strong><\/p><p><strong>Fonds Jaouen, trois cartons sur Alix<\/strong><\/p><p><strong>Fonds Pierre Bissuel-Fouillant\u00a0: <\/strong>documents (notari\u00e9s?) du 18e si\u00e8cle concernant des paroisses du Haut-Beaujolais (Monsols, Avenas, Ardillats&#8230;), \u00ab\u00a0provenant du cur\u00e9 de Chirassimont qui en a h\u00e9rit\u00e9 quand il \u00e9tait cur\u00e9 \u00e0 Dommartin\u00a0\u00bb<\/p><p><strong>Impressions sur Denic\u00e9<\/strong>, manuscrit et dactyl. (par Robert Pinet\u00a0?)<\/p><p><strong>Dossier Bagnols<\/strong>\u00a0: photocopies et copies d\u2019actes (1676-1843), \u00ab\u00a0La vie des Bagnolais sous Louis XIV\u00a0\u00bb, publications<\/p><p><strong>Registres paroissiaux de Villefranche\u00a0<\/strong>: photocopies des ann\u00e9es 1809-1810 par Louis Manger<\/p><p><strong>Dossier patois de Villi\u00e9-Morgon<\/strong>, constitu\u00e9 par Louis Manger<\/p><p><strong><u>ARCHIVES FAMILIALES<\/u><\/strong><\/p><p><strong>Archives des familles Botton et Chazy, \u00ab\u00a0depuis la vente du ch\u00e2teau des Crots \u00e0 Beaujeu (an II) jusqu\u2019en 1887 o\u00f9 la destruction du vignoble contraint la famille \u00e0 se transporter en Alg\u00e9rie pour faire une tentative de colonisation\u00a0\u00bb.<\/strong><\/p><p><strong>Fonds Biollay<\/strong>, 4 cartons\u00a0: famille Ch\u00e2teauneuf de Rochebonne et leurs ch\u00e2teaux, Theiz\u00e9, bois d\u2019Alix<\/p><p><strong>Dossier \u00ab\u00a0Une famille caladoise\u00a0: Les Soly et leurs anc\u00eatres en Dombes et en Beaujolais\u00a0\u00bb, <\/strong>don de Mlle Jeanine Soly.<\/p><p><strong>Papiers Sornay (Roman\u00e8che, 71)\u00a0: l<\/strong>ivres de compte, correspondance<\/p><p><strong>Livre de famille. G\u00e9n\u00e9alogie de la branche lyonnaise de la famille Bascary<\/strong>, 1893.<\/p><p><strong>Dossier \u00ab\u00a0bibliophiles\u00a0\u00bb<\/strong> (faire-parts de d\u00e9c\u00e8s) r\u00e9unis par Charles (?) Balloffet en 1947.<\/p><p><strong>Dossier Monfray (succession de Fran\u00e7ois), \u00e9poux Mille-Pellet, vente aux ench\u00e8res publiques<\/strong>, 1874, 1880-1883<\/p><p><strong><u>ARCHIVES DE L\u2019ACADEMIE<\/u><\/strong><\/p><p><strong>Proc\u00e8s-verbaux des s\u00e9ances de l\u2019Acad\u00e9mie de Villefranche <\/strong>(photocopies)\u00a0: 1739-1746, 1772-1782.<\/p><p><strong>Archives de la Soci\u00e9t\u00e9 des Sciences et Arts du Beaujolais (1903-1905)<\/strong><\/p><p><strong>Dossier pour le prix r\u00e9gional \u00e0 l\u2019innovation associative <\/strong>(1990). Contient les dossiers de pr\u00e9sentation des colloques Anne de Beaujeu, Pierre Montet et \u00ab\u00a0Les Rolland\u00a0\u00bb<\/p><p><strong>Premier document ayant servi \u00e0 la parution de <em>Nouvel essai de bibliographie beaujolaise<\/em> de Bernard Clausel, <\/strong>dactyl., 129 p. avec notes manuscrites<\/p><p><strong>Archives de l\u2019acad\u00e9mie confi\u00e9e \u00e0 Me Robert Pinet<\/strong>, communications, proc\u00e8s-verbaux (1956-1963), affaires en cours, d\u00e9lib\u00e9rations, v\u0153ux, comit\u00e9 d\u2019honneur<\/p><p><strong>Divers acad\u00e9mie\u00a0: <\/strong>statuts de 1900, menu de 1928, courrier de l\u2019Acad\u00e9mie fran\u00e7aise \u00e0 propos de l\u2019adjectif \u00ab\u00a0beaujolais\u00a0\u00bb (2008), tables de la revue (1928-1941), pr\u00e9sentation du colloque \u00ab\u00a0Des savants beaujolais\u00a0\u00bb (2008), recueil de Lettres trimestrielles (2000-2004), <em>L\u2019acad\u00e9mie dans son intimit\u00e9 <\/em>(2006 et 2012)<\/p><p><strong>Lettres trimestrielles<\/strong>, 2011-2013<\/p>\t\t\t\t\t\t\t\t<\/div>\n\t\t\t\t<\/div>\n\t\t\t\t\t<\/div>\n\t\t<\/div>\n\t\t\t\t\t<\/div>\n\t\t<\/section>\n\t\t\t\t<\/div>\n\t\t","protected":false},"excerpt":{"rendered":"<p>L\u2019Acad\u00e9mie poss\u00e8de deux types d\u2019archives\u00a0dont vous trouverez le contenu ci-dessous : d\u2019une part des manuscrits, et d\u2019autre part des dossiers constitu\u00e9s de pi\u00e8ces diverses sur un sujet int\u00e9ressant notre r\u00e9gion ou une personnalit\u00e9 (articles de presse, lettres, photographies, affiches\u2026) Archives historiques et dossiers ARCHIVES HISTORIQUES DE L&rsquo;ACADEMIE DE VILLEFRANCHE ET DU BEAUJOLAIS Histoire g\u00e9n\u00e9rale du&hellip;&nbsp;<a href=\"https:\/\/academie-villefranche.fr\/?page_id=1815\" rel=\"bookmark\">Lire la suite &raquo;<span class=\"screen-reader-text\">Archives<\/span><\/a><\/p>\n","protected":false},"author":3,"featured_media":1714,"parent":0,"menu_order":0,"comment_status":"closed","ping_status":"closed","template":"page-templates\/template-pagebuilder-full-width.php","meta":{"_monsterinsights_skip_tracking":false,"_monsterinsights_sitenote_active":false,"_monsterinsights_sitenote_note":"","_monsterinsights_sitenote_category":0,"neve_meta_sidebar":"","neve_meta_container":"","neve_meta_enable_content_width":"","neve_meta_content_width":0,"neve_meta_title_alignment":"","neve_meta_author_avatar":"","neve_post_elements_order":"","neve_meta_disable_header":"","neve_meta_disable_footer":"","neve_meta_disable_title":"","footnotes":""},"class_list":["post-1815","page","type-page","status-publish","has-post-thumbnail","hentry"],"aioseo_notices":[],"_links":{"self":[{"href":"https:\/\/academie-villefranche.fr\/index.php?rest_route=\/wp\/v2\/pages\/1815","targetHints":{"allow":["GET"]}}],"collection":[{"href":"https:\/\/academie-villefranche.fr\/index.php?rest_route=\/wp\/v2\/pages"}],"about":[{"href":"https:\/\/academie-villefranche.fr\/index.php?rest_route=\/wp\/v2\/types\/page"}],"author":[{"embeddable":true,"href":"https:\/\/academie-villefranche.fr\/index.php?rest_route=\/wp\/v2\/users\/3"}],"replies":[{"embeddable":true,"href":"https:\/\/academie-villefranche.fr\/index.php?rest_route=%2Fwp%2Fv2%2Fcomments&post=1815"}],"version-history":[{"count":34,"href":"https:\/\/academie-villefranche.fr\/index.php?rest_route=\/wp\/v2\/pages\/1815\/revisions"}],"predecessor-version":[{"id":3614,"href":"https:\/\/academie-villefranche.fr\/index.php?rest_route=\/wp\/v2\/pages\/1815\/revisions\/3614"}],"wp:featuredmedia":[{"embeddable":true,"href":"https:\/\/academie-villefranche.fr\/index.php?rest_route=\/wp\/v2\/media\/1714"}],"wp:attachment":[{"href":"https:\/\/academie-villefranche.fr\/index.php?rest_route=%2Fwp%2Fv2%2Fmedia&parent=1815"}],"curies":[{"name":"wp","href":"https:\/\/api.w.org\/{rel}","templated":true}]}}