{"id":3520,"date":"2026-01-19T00:02:11","date_gmt":"2026-01-18T23:02:11","guid":{"rendered":"https:\/\/academie-villefranche.fr\/?page_id=3520"},"modified":"2026-01-19T02:38:11","modified_gmt":"2026-01-19T01:38:11","slug":"devenir-membre","status":"publish","type":"page","link":"https:\/\/academie-villefranche.fr\/?page_id=3520","title":{"rendered":"Devenir membre"},"content":{"rendered":"\t\t<div data-elementor-type=\"wp-page\" data-elementor-id=\"3520\" class=\"elementor elementor-3520\" data-elementor-post-type=\"page\">\n\t\t\t\t\t\t<section class=\"elementor-section elementor-top-section elementor-element elementor-element-2d1f7d1 elementor-section-boxed elementor-section-height-default elementor-section-height-default\" data-id=\"2d1f7d1\" data-element_type=\"section\" data-e-type=\"section\">\n\t\t\t\t\t\t<div class=\"elementor-container elementor-column-gap-default\">\n\t\t\t\t\t<div class=\"elementor-column elementor-col-100 elementor-top-column elementor-element elementor-element-c2c3e1f\" data-id=\"c2c3e1f\" data-element_type=\"column\" data-e-type=\"column\">\n\t\t\t<div class=\"elementor-widget-wrap elementor-element-populated\">\n\t\t\t\t\t\t<div class=\"elementor-element elementor-element-af71fb1 elementor-widget elementor-widget-heading\" data-id=\"af71fb1\" data-element_type=\"widget\" data-e-type=\"widget\" data-widget_type=\"heading.default\">\n\t\t\t\t<div class=\"elementor-widget-container\">\n\t\t\t\t\t<h2 class=\"elementor-heading-title elementor-size-default\">Imprimez et retournez nous le bulletin d'adh\u00e9sion, accompagn\u00e9 de votre ch\u00e8que, \u00e0 l'adresse indiqu\u00e9e en bas du document.<\/h2>\t\t\t\t<\/div>\n\t\t\t\t<\/div>\n\t\t\t\t\t<\/div>\n\t\t<\/div>\n\t\t\t\t\t<\/div>\n\t\t<\/section>\n\t\t\t\t<section class=\"elementor-section elementor-top-section elementor-element elementor-element-7620310 elementor-section-boxed elementor-section-height-default elementor-section-height-default\" data-id=\"7620310\" data-element_type=\"section\" data-e-type=\"section\">\n\t\t\t\t\t\t<div class=\"elementor-container elementor-column-gap-default\">\n\t\t\t\t\t<div class=\"elementor-column elementor-col-50 elementor-top-column elementor-element elementor-element-c15bf11\" data-id=\"c15bf11\" data-element_type=\"column\" data-e-type=\"column\">\n\t\t\t<div class=\"elementor-widget-wrap elementor-element-populated\">\n\t\t\t\t\t\t<div class=\"elementor-element elementor-element-8dc009a elementor-widget elementor-widget-text-editor\" data-id=\"8dc009a\" data-element_type=\"widget\" data-e-type=\"widget\" data-widget_type=\"text-editor.default\">\n\t\t\t\t<div class=\"elementor-widget-container\">\n\t\t\t\t\t\t\t\t\t<p style=\"letter-spacing: normal; text-transform: none;\"><strong style=\"font-family: Lato, sans-serif; letter-spacing: 0.1px; font-size: var(--bodyfontsize); text-transform: var(--bodytexttransform);\">En adh\u00e9rant, vous aurez droit :<\/strong><\/p>\n<p>A l\u2019acc\u00e8s aux conf\u00e9rences et aux communications<\/p>\n<p>A l\u2019acc\u00e8s \u00e0 la permanence du mercredi matin pour \u00e9changer et consulter\u2026<\/p>\n<p>A l\u2019acc\u00e8s \u00e0 la biblioth\u00e8que num\u00e9rique via le site<\/p>\n<p>Aux informations via la Lettre de l\u2019Acad\u00e9mie et les mails<\/p>\n<p>Au Bulletin annuel<\/p>\n<p style=\"font-family: Lato, sans-serif;\"><em><strong>Tout adh\u00e9rent s&rsquo;engage \u00e0 respecter les statuts de notre association.<\/strong><\/em><\/p>\n<p style=\"font-family: Lato, sans-serif;\">L\u2019Acad\u00e9mie, reconnue association d\u2019utilit\u00e9 publique, permet \u00e0 ses adh\u00e9rents de b\u00e9n\u00e9ficier d\u2019une r\u00e9duction d\u2019imp\u00f4t \u00e0 hauteur de 66 %, selon la l\u00e9gislation fiscale en vigueur. Un re\u00e7u fiscal vous sera adress\u00e9 au d\u00e9but de l\u2019ann\u00e9e suivant le versement, ce qui vous permettra de d\u00e9duire ce montant de votre d\u00e9claration de revenus.<\/p>\t\t\t\t\t\t\t\t<\/div>\n\t\t\t\t<\/div>\n\t\t\t\t\t<\/div>\n\t\t<\/div>\n\t\t\t\t<div class=\"elementor-column elementor-col-50 elementor-top-column elementor-element elementor-element-8fd3621\" data-id=\"8fd3621\" data-element_type=\"column\" data-e-type=\"column\">\n\t\t\t<div class=\"elementor-widget-wrap elementor-element-populated\">\n\t\t\t\t\t\t<div class=\"elementor-element elementor-element-72be044 elementor-widget elementor-widget-image\" data-id=\"72be044\" data-element_type=\"widget\" data-e-type=\"widget\" data-widget_type=\"image.default\">\n\t\t\t\t<div class=\"elementor-widget-container\">\n\t\t\t\t\t\t\t\t\t\t\t\t\t\t\t<img fetchpriority=\"high\" decoding=\"async\" width=\"778\" height=\"435\" src=\"https:\/\/academie-villefranche.fr\/wp-content\/uploads\/2022\/09\/adhesion-e1666018915280.png\" class=\"attachment-large size-large wp-image-1001\" alt=\"\" srcset=\"https:\/\/academie-villefranche.fr\/wp-content\/uploads\/2022\/09\/adhesion-e1666018915280.png 778w, https:\/\/academie-villefranche.fr\/wp-content\/uploads\/2022\/09\/adhesion-e1666018915280-300x168.png 300w, https:\/\/academie-villefranche.fr\/wp-content\/uploads\/2022\/09\/adhesion-e1666018915280-768x429.png 768w\" sizes=\"(max-width: 778px) 100vw, 778px\" \/>\t\t\t\t\t\t\t\t\t\t\t\t\t\t\t<\/div>\n\t\t\t\t<\/div>\n\t\t\t\t\t<\/div>\n\t\t<\/div>\n\t\t\t\t\t<\/div>\n\t\t<\/section>\n\t\t\t\t<section class=\"elementor-section elementor-top-section elementor-element elementor-element-f1d0be7 elementor-section-boxed elementor-section-height-default elementor-section-height-default\" data-id=\"f1d0be7\" data-element_type=\"section\" data-e-type=\"section\">\n\t\t\t\t\t\t<div class=\"elementor-container elementor-column-gap-default\">\n\t\t\t\t\t<div class=\"elementor-column elementor-col-100 elementor-top-column elementor-element elementor-element-1b63f2b\" data-id=\"1b63f2b\" data-element_type=\"column\" data-e-type=\"column\">\n\t\t\t<div class=\"elementor-widget-wrap elementor-element-populated\">\n\t\t\t\t\t\t<div class=\"elementor-element elementor-element-8523385 elementor-widget elementor-widget-spacer\" data-id=\"8523385\" data-element_type=\"widget\" data-e-type=\"widget\" data-widget_type=\"spacer.default\">\n\t\t\t\t<div class=\"elementor-widget-container\">\n\t\t\t\t\t\t\t<div class=\"elementor-spacer\">\n\t\t\t<div class=\"elementor-spacer-inner\"><\/div>\n\t\t<\/div>\n\t\t\t\t\t\t<\/div>\n\t\t\t\t<\/div>\n\t\t\t\t\t<\/div>\n\t\t<\/div>\n\t\t\t\t\t<\/div>\n\t\t<\/section>\n\t\t\t\t<section class=\"elementor-section elementor-top-section elementor-element elementor-element-d4d5efb elementor-section-boxed elementor-section-height-default elementor-section-height-default\" data-id=\"d4d5efb\" data-element_type=\"section\" data-e-type=\"section\">\n\t\t\t\t\t\t<div class=\"elementor-container elementor-column-gap-default\">\n\t\t\t\t\t<div class=\"elementor-column elementor-col-100 elementor-top-column elementor-element elementor-element-a1eb2b2\" data-id=\"a1eb2b2\" data-element_type=\"column\" data-e-type=\"column\">\n\t\t\t<div class=\"elementor-widget-wrap elementor-element-populated\">\n\t\t\t\t\t\t<div class=\"elementor-element elementor-element-106c678 elementor-align-center elementor-widget elementor-widget-button\" data-id=\"106c678\" data-element_type=\"widget\" data-e-type=\"widget\" data-widget_type=\"button.default\">\n\t\t\t\t<div class=\"elementor-widget-container\">\n\t\t\t\t\t\t\t\t\t<div class=\"elementor-button-wrapper\">\n\t\t\t\t\t<a class=\"elementor-button elementor-button-link elementor-size-sm\" href=\"https:\/\/academie-villefranche.fr\/wp-content\/uploads\/2026\/01\/Fiche-cotisation-2026.pdf\" target=\"_blank\">\n\t\t\t\t\t\t<span class=\"elementor-button-content-wrapper\">\n\t\t\t\t\t\t<span class=\"elementor-button-icon\">\n\t\t\t\t<i aria-hidden=\"true\" class=\"fas fa-download\"><\/i>\t\t\t<\/span>\n\t\t\t\t\t\t\t\t\t<span class=\"elementor-button-text\">T\u00e9l\u00e9charger le bulletin d'adh\u00e9sion<\/span>\n\t\t\t\t\t<\/span>\n\t\t\t\t\t<\/a>\n\t\t\t\t<\/div>\n\t\t\t\t\t\t\t\t<\/div>\n\t\t\t\t<\/div>\n\t\t\t\t<div class=\"elementor-element elementor-element-46794b0 elementor-widget elementor-widget-spacer\" data-id=\"46794b0\" data-element_type=\"widget\" data-e-type=\"widget\" data-widget_type=\"spacer.default\">\n\t\t\t\t<div class=\"elementor-widget-container\">\n\t\t\t\t\t\t\t<div class=\"elementor-spacer\">\n\t\t\t<div class=\"elementor-spacer-inner\"><\/div>\n\t\t<\/div>\n\t\t\t\t\t\t<\/div>\n\t\t\t\t<\/div>\n\t\t\t\t\t<\/div>\n\t\t<\/div>\n\t\t\t\t\t<\/div>\n\t\t<\/section>\n\t\t\t\t<section class=\"elementor-section elementor-top-section elementor-element elementor-element-2cfcd4e elementor-section-boxed elementor-section-height-default elementor-section-height-default\" data-id=\"2cfcd4e\" data-element_type=\"section\" data-e-type=\"section\">\n\t\t\t\t\t\t<div class=\"elementor-container elementor-column-gap-default\">\n\t\t\t\t\t<div class=\"elementor-column elementor-col-100 elementor-top-column elementor-element elementor-element-ea9911e\" data-id=\"ea9911e\" data-element_type=\"column\" data-e-type=\"column\">\n\t\t\t<div class=\"elementor-widget-wrap\">\n\t\t\t\t\t\t\t<\/div>\n\t\t<\/div>\n\t\t\t\t\t<\/div>\n\t\t<\/section>\n\t\t\t\t<\/div>\n\t\t","protected":false},"excerpt":{"rendered":"<p>Imprimez et retournez nous le bulletin d&rsquo;adh\u00e9sion, accompagn\u00e9 de votre ch\u00e8que, \u00e0 l&rsquo;adresse indiqu\u00e9e en bas du document. En adh\u00e9rant, vous aurez droit : A l\u2019acc\u00e8s aux conf\u00e9rences et aux communications A l\u2019acc\u00e8s \u00e0 la permanence du mercredi matin pour \u00e9changer et consulter\u2026 A l\u2019acc\u00e8s \u00e0 la biblioth\u00e8que num\u00e9rique via le site Aux informations via&hellip;&nbsp;<a href=\"https:\/\/academie-villefranche.fr\/?page_id=3520\" rel=\"bookmark\">Lire la suite &raquo;<span class=\"screen-reader-text\">Devenir membre<\/span><\/a><\/p>\n","protected":false},"author":3,"featured_media":0,"parent":0,"menu_order":0,"comment_status":"closed","ping_status":"closed","template":"","meta":{"_monsterinsights_skip_tracking":false,"_monsterinsights_sitenote_active":false,"_monsterinsights_sitenote_note":"","_monsterinsights_sitenote_category":0,"neve_meta_sidebar":"","neve_meta_container":"","neve_meta_enable_content_width":"off","neve_meta_content_width":100,"neve_meta_title_alignment":"","neve_meta_author_avatar":"","neve_post_elements_order":"","neve_meta_disable_header":"","neve_meta_disable_footer":"","neve_meta_disable_title":"","footnotes":""},"class_list":["post-3520","page","type-page","status-publish","hentry"],"aioseo_notices":[],"_links":{"self":[{"href":"https:\/\/academie-villefranche.fr\/index.php?rest_route=\/wp\/v2\/pages\/3520","targetHints":{"allow":["GET"]}}],"collection":[{"href":"https:\/\/academie-villefranche.fr\/index.php?rest_route=\/wp\/v2\/pages"}],"about":[{"href":"https:\/\/academie-villefranche.fr\/index.php?rest_route=\/wp\/v2\/types\/page"}],"author":[{"embeddable":true,"href":"https:\/\/academie-villefranche.fr\/index.php?rest_route=\/wp\/v2\/users\/3"}],"replies":[{"embeddable":true,"href":"https:\/\/academie-villefranche.fr\/index.php?rest_route=%2Fwp%2Fv2%2Fcomments&post=3520"}],"version-history":[{"count":22,"href":"https:\/\/academie-villefranche.fr\/index.php?rest_route=\/wp\/v2\/pages\/3520\/revisions"}],"predecessor-version":[{"id":3617,"href":"https:\/\/academie-villefranche.fr\/index.php?rest_route=\/wp\/v2\/pages\/3520\/revisions\/3617"}],"wp:attachment":[{"href":"https:\/\/academie-villefranche.fr\/index.php?rest_route=%2Fwp%2Fv2%2Fmedia&parent=3520"}],"curies":[{"name":"wp","href":"https:\/\/api.w.org\/{rel}","templated":true}]}}