{"id":515,"date":"2022-08-01T09:08:06","date_gmt":"2022-08-01T07:08:06","guid":{"rendered":"https:\/\/academie-villefranche.fr\/?page_id=515"},"modified":"2026-01-19T02:36:29","modified_gmt":"2026-01-19T01:36:29","slug":"elementor-515","status":"publish","type":"page","link":"https:\/\/academie-villefranche.fr\/?page_id=515","title":{"rendered":"Biblioth\u00e8que"},"content":{"rendered":"\t\t<div data-elementor-type=\"wp-page\" data-elementor-id=\"515\" class=\"elementor elementor-515\" data-elementor-post-type=\"page\">\n\t\t\t\t\t\t<section class=\"elementor-section elementor-top-section elementor-element elementor-element-2744fa8 elementor-section-boxed elementor-section-height-default elementor-section-height-default\" data-id=\"2744fa8\" data-element_type=\"section\" data-e-type=\"section\" data-settings=\"{&quot;background_background&quot;:&quot;classic&quot;}\">\n\t\t\t\t\t\t<div class=\"elementor-container elementor-column-gap-default\">\n\t\t\t\t\t<div class=\"elementor-column elementor-col-100 elementor-top-column elementor-element elementor-element-b9e1f25\" data-id=\"b9e1f25\" data-element_type=\"column\" data-e-type=\"column\">\n\t\t\t<div class=\"elementor-widget-wrap elementor-element-populated\">\n\t\t\t\t\t\t<div class=\"elementor-element elementor-element-99ad34b elementor-widget elementor-widget-heading\" data-id=\"99ad34b\" data-element_type=\"widget\" data-e-type=\"widget\" data-widget_type=\"heading.default\">\n\t\t\t\t<div class=\"elementor-widget-container\">\n\t\t\t\t\t<h2 class=\"elementor-heading-title elementor-size-default\">Biblioth\u00e8que<\/h2>\t\t\t\t<\/div>\n\t\t\t\t<\/div>\n\t\t\t\t\t<\/div>\n\t\t<\/div>\n\t\t\t\t\t<\/div>\n\t\t<\/section>\n\t\t\t\t<section class=\"elementor-section elementor-top-section elementor-element elementor-element-53fd499 elementor-section-boxed elementor-section-height-default elementor-section-height-default\" data-id=\"53fd499\" data-element_type=\"section\" data-e-type=\"section\">\n\t\t\t\t\t\t<div class=\"elementor-container elementor-column-gap-default\">\n\t\t\t\t\t<div class=\"elementor-column elementor-col-50 elementor-top-column elementor-element elementor-element-4029015\" data-id=\"4029015\" data-element_type=\"column\" data-e-type=\"column\">\n\t\t\t<div class=\"elementor-widget-wrap elementor-element-populated\">\n\t\t\t\t\t\t<div class=\"elementor-element elementor-element-b879273 elementor-widget elementor-widget-text-editor\" data-id=\"b879273\" data-element_type=\"widget\" data-e-type=\"widget\" data-widget_type=\"text-editor.default\">\n\t\t\t\t<div class=\"elementor-widget-container\">\n\t\t\t\t\t\t\t\t\t<div class=\"gmail_default\">La biblioth\u00e8que de l&rsquo;Acad\u00e9mie poss\u00e8de un riche fonds documentaire sur le Beaujolais et la r\u00e9gion de Villefranche : nombreux ouvrages et publications vari\u00e9s sur l&rsquo;histoire, les patrimoines culturel, humain, architectural, entre autres.<\/div><div class=\"gmail_default\">La plupart de nos livres peuvent \u00eatre emprunt\u00e9s par nos adh\u00e9rents\u00a0et certaines publications sont consultables en ligne, d&rsquo;autres sur place (nous contacter).<\/div><div class=\"gmail_default\">\u00a0<\/div><div class=\"gmail_default\"><div><em>The library of the Academy has a rich documentary collection on the Beaujolais area and the region of Villefranche: many books and various publications on history, cultural, human, architectural heritage, among others.\u00a0<\/em><\/div><div><em>Most of our books can be borrowed and some publications can be consulted online, others on site (please contact us).\u00a0<\/em><\/div><\/div>\t\t\t\t\t\t\t\t<\/div>\n\t\t\t\t<\/div>\n\t\t\t\t\t<\/div>\n\t\t<\/div>\n\t\t\t\t<div class=\"elementor-column elementor-col-50 elementor-top-column elementor-element elementor-element-df1aed9\" data-id=\"df1aed9\" data-element_type=\"column\" data-e-type=\"column\">\n\t\t\t<div class=\"elementor-widget-wrap elementor-element-populated\">\n\t\t\t\t\t\t<div class=\"elementor-element elementor-element-30523f5 elementor-widget elementor-widget-image\" data-id=\"30523f5\" data-element_type=\"widget\" data-e-type=\"widget\" data-widget_type=\"image.default\">\n\t\t\t\t<div class=\"elementor-widget-container\">\n\t\t\t\t\t\t\t\t\t\t\t\t\t\t\t<img fetchpriority=\"high\" decoding=\"async\" width=\"1024\" height=\"768\" src=\"https:\/\/academie-villefranche.fr\/wp-content\/uploads\/2023\/01\/Photo-bibliotheque-2-1024x768.jpg\" class=\"attachment-large size-large wp-image-1897\" alt=\"\" srcset=\"https:\/\/academie-villefranche.fr\/wp-content\/uploads\/2023\/01\/Photo-bibliotheque-2-1024x768.jpg 1024w, https:\/\/academie-villefranche.fr\/wp-content\/uploads\/2023\/01\/Photo-bibliotheque-2-300x225.jpg 300w, https:\/\/academie-villefranche.fr\/wp-content\/uploads\/2023\/01\/Photo-bibliotheque-2-768x576.jpg 768w, https:\/\/academie-villefranche.fr\/wp-content\/uploads\/2023\/01\/Photo-bibliotheque-2-1536x1152.jpg 1536w, https:\/\/academie-villefranche.fr\/wp-content\/uploads\/2023\/01\/Photo-bibliotheque-2-2048x1536.jpg 2048w, https:\/\/academie-villefranche.fr\/wp-content\/uploads\/2023\/01\/Photo-bibliotheque-2-scaled-e1673359456177.jpg 800w\" sizes=\"(max-width: 1024px) 100vw, 1024px\" \/>\t\t\t\t\t\t\t\t\t\t\t\t\t\t\t<\/div>\n\t\t\t\t<\/div>\n\t\t\t\t<div class=\"elementor-element elementor-element-47794e2 elementor-align-center elementor-widget elementor-widget-button\" data-id=\"47794e2\" data-element_type=\"widget\" data-e-type=\"widget\" data-widget_type=\"button.default\">\n\t\t\t\t<div class=\"elementor-widget-container\">\n\t\t\t\t\t\t\t\t\t<div class=\"elementor-button-wrapper\">\n\t\t\t\t\t<a class=\"elementor-button elementor-button-link elementor-size-lg\" href=\"http:\/\/academievillefranche.simplybiblio.fr\/\">\n\t\t\t\t\t\t<span class=\"elementor-button-content-wrapper\">\n\t\t\t\t\t\t\t\t\t<span class=\"elementor-button-text\">D\u00e9couvrir  la biblioth\u00e8que de l'Acad\u00e9mie<\/span>\n\t\t\t\t\t<\/span>\n\t\t\t\t\t<\/a>\n\t\t\t\t<\/div>\n\t\t\t\t\t\t\t\t<\/div>\n\t\t\t\t<\/div>\n\t\t\t\t\t<\/div>\n\t\t<\/div>\n\t\t\t\t\t<\/div>\n\t\t<\/section>\n\t\t\t\t<section class=\"elementor-section elementor-top-section elementor-element elementor-element-c1d881f elementor-section-boxed elementor-section-height-default elementor-section-height-default\" data-id=\"c1d881f\" data-element_type=\"section\" data-e-type=\"section\">\n\t\t\t\t\t\t<div class=\"elementor-container elementor-column-gap-default\">\n\t\t\t\t\t<div class=\"elementor-column elementor-col-100 elementor-top-column elementor-element elementor-element-31e45e6\" data-id=\"31e45e6\" data-element_type=\"column\" data-e-type=\"column\">\n\t\t\t<div class=\"elementor-widget-wrap elementor-element-populated\">\n\t\t\t\t\t\t<div class=\"elementor-element elementor-element-639c51f elementor-widget elementor-widget-spacer\" data-id=\"639c51f\" data-element_type=\"widget\" data-e-type=\"widget\" data-widget_type=\"spacer.default\">\n\t\t\t\t<div class=\"elementor-widget-container\">\n\t\t\t\t\t\t\t<div class=\"elementor-spacer\">\n\t\t\t<div class=\"elementor-spacer-inner\"><\/div>\n\t\t<\/div>\n\t\t\t\t\t\t<\/div>\n\t\t\t\t<\/div>\n\t\t\t\t\t<\/div>\n\t\t<\/div>\n\t\t\t\t\t<\/div>\n\t\t<\/section>\n\t\t\t\t<\/div>\n\t\t","protected":false},"excerpt":{"rendered":"<p>Biblioth\u00e8que La biblioth\u00e8que de l&rsquo;Acad\u00e9mie poss\u00e8de un riche fonds documentaire sur le Beaujolais et la r\u00e9gion de Villefranche : nombreux ouvrages et publications vari\u00e9s sur l&rsquo;histoire, les patrimoines culturel, humain, architectural, entre autres.La plupart de nos livres peuvent \u00eatre emprunt\u00e9s par nos adh\u00e9rents\u00a0et certaines publications sont consultables en ligne, d&rsquo;autres sur place (nous contacter).\u00a0The library&hellip;&nbsp;<a href=\"https:\/\/academie-villefranche.fr\/?page_id=515\" rel=\"bookmark\">Lire la suite &raquo;<span class=\"screen-reader-text\">Biblioth\u00e8que<\/span><\/a><\/p>\n","protected":false},"author":3,"featured_media":0,"parent":0,"menu_order":0,"comment_status":"closed","ping_status":"closed","template":"page-templates\/template-pagebuilder-full-width.php","meta":{"_monsterinsights_skip_tracking":false,"_monsterinsights_sitenote_active":false,"_monsterinsights_sitenote_note":"","_monsterinsights_sitenote_category":0,"neve_meta_sidebar":"","neve_meta_container":"","neve_meta_enable_content_width":"","neve_meta_content_width":0,"neve_meta_title_alignment":"","neve_meta_author_avatar":"","neve_post_elements_order":"","neve_meta_disable_header":"","neve_meta_disable_footer":"","neve_meta_disable_title":"","footnotes":""},"class_list":["post-515","page","type-page","status-publish","hentry"],"aioseo_notices":[],"_links":{"self":[{"href":"https:\/\/academie-villefranche.fr\/index.php?rest_route=\/wp\/v2\/pages\/515","targetHints":{"allow":["GET"]}}],"collection":[{"href":"https:\/\/academie-villefranche.fr\/index.php?rest_route=\/wp\/v2\/pages"}],"about":[{"href":"https:\/\/academie-villefranche.fr\/index.php?rest_route=\/wp\/v2\/types\/page"}],"author":[{"embeddable":true,"href":"https:\/\/academie-villefranche.fr\/index.php?rest_route=\/wp\/v2\/users\/3"}],"replies":[{"embeddable":true,"href":"https:\/\/academie-villefranche.fr\/index.php?rest_route=%2Fwp%2Fv2%2Fcomments&post=515"}],"version-history":[{"count":53,"href":"https:\/\/academie-villefranche.fr\/index.php?rest_route=\/wp\/v2\/pages\/515\/revisions"}],"predecessor-version":[{"id":3611,"href":"https:\/\/academie-villefranche.fr\/index.php?rest_route=\/wp\/v2\/pages\/515\/revisions\/3611"}],"wp:attachment":[{"href":"https:\/\/academie-villefranche.fr\/index.php?rest_route=%2Fwp%2Fv2%2Fmedia&parent=515"}],"curies":[{"name":"wp","href":"https:\/\/api.w.org\/{rel}","templated":true}]}}